{"id":24,"date":"2024-02-22T05:40:17","date_gmt":"2024-02-22T09:40:17","guid":{"rendered":"https:\/\/observatoriodofeminicidio.org\/?page_id=24"},"modified":"2024-08-21T10:07:20","modified_gmt":"2024-08-21T14:07:20","slug":"index","status":"publish","type":"page","link":"https:\/\/observatoriodofeminicidio.org\/","title":{"rendered":"Index"},"content":{"rendered":"\t\t<div data-elementor-type=\"wp-page\" data-elementor-id=\"24\" class=\"elementor elementor-24\" data-elementor-post-type=\"page\">\n\t\t\t\t<div class=\"elementor-element elementor-element-93b79c4 e-con-full e-flex wpr-particle-no wpr-jarallax-no wpr-parallax-no wpr-sticky-section-no e-con e-parent\" data-id=\"93b79c4\" data-element_type=\"container\" data-e-type=\"container\">\n\t\t\t\t<div class=\"elementor-element elementor-element-178c733 elementor-widget-divider--view-line_icon elementor-view-default elementor-widget-divider--element-align-center elementor-widget elementor-widget-divider\" data-id=\"178c733\" data-element_type=\"widget\" data-e-type=\"widget\" data-widget_type=\"divider.default\">\n\t\t\t\t<div class=\"elementor-widget-container\">\n\t\t\t\t\t\t\t<div class=\"elementor-divider\">\n\t\t\t<span class=\"elementor-divider-separator\">\n\t\t\t\t\t\t\t<div class=\"elementor-icon elementor-divider__element\">\n\t\t\t\t\t<\/div>\n\t\t\t\t\t\t<\/span>\n\t\t<\/div>\n\t\t\t\t\t\t<\/div>\n\t\t\t\t<\/div>\n\t\t\t\t<\/div>\n\t\t<div class=\"elementor-element elementor-element-206fb1b e-con-full e-flex wpr-particle-no wpr-jarallax-no wpr-parallax-no wpr-sticky-section-no e-con e-parent\" data-id=\"206fb1b\" data-element_type=\"container\" data-e-type=\"container\" data-settings=\"{&quot;shape_divider_top&quot;:&quot;mountains&quot;}\">\n\t\t\t\t<div class=\"elementor-shape elementor-shape-top\" aria-hidden=\"true\" data-negative=\"false\">\n\t\t\t<svg xmlns=\"http:\/\/www.w3.org\/2000\/svg\" viewBox=\"0 0 1000 100\" preserveAspectRatio=\"none\">\n\t<path class=\"elementor-shape-fill\" opacity=\"0.33\" d=\"M473,67.3c-203.9,88.3-263.1-34-320.3,0C66,119.1,0,59.7,0,59.7V0h1000v59.7 c0,0-62.1,26.1-94.9,29.3c-32.8,3.3-62.8-12.3-75.8-22.1C806,49.6,745.3,8.7,694.9,4.7S492.4,59,473,67.3z\"\/>\n\t<path class=\"elementor-shape-fill\" opacity=\"0.66\" d=\"M734,67.3c-45.5,0-77.2-23.2-129.1-39.1c-28.6-8.7-150.3-10.1-254,39.1 s-91.7-34.4-149.2,0C115.7,118.3,0,39.8,0,39.8V0h1000v36.5c0,0-28.2-18.5-92.1-18.5C810.2,18.1,775.7,67.3,734,67.3z\"\/>\n\t<path class=\"elementor-shape-fill\" d=\"M766.1,28.9c-200-57.5-266,65.5-395.1,19.5C242,1.8,242,5.4,184.8,20.6C128,35.8,132.3,44.9,89.9,52.5C28.6,63.7,0,0,0,0 h1000c0,0-9.9,40.9-83.6,48.1S829.6,47,766.1,28.9z\"\/>\n<\/svg>\t\t<\/div>\n\t\t<div class=\"elementor-element elementor-element-6bd1cdf e-con-full e-flex wpr-particle-no wpr-jarallax-no wpr-parallax-no wpr-sticky-section-no e-con e-child\" data-id=\"6bd1cdf\" data-element_type=\"container\" data-e-type=\"container\">\n\t\t\t\t<div class=\"elementor-element elementor-element-ae196fd elementor-widget__width-initial elementor-widget-tablet__width-initial elementor-widget-mobile__width-initial elementor-widget elementor-widget-image\" data-id=\"ae196fd\" data-element_type=\"widget\" data-e-type=\"widget\" data-widget_type=\"image.default\">\n\t\t\t\t<div class=\"elementor-widget-container\">\n\t\t\t\t\t\t\t\t\t\t\t\t\t\t\t<img fetchpriority=\"high\" decoding=\"async\" width=\"500\" height=\"500\" src=\"https:\/\/observatoriodofeminicidio.org\/wp-content\/uploads\/2024\/03\/LOGO-LARANJA-OBSERVATORIO-FEMINICIDIO-VERTICAL.png\" class=\"attachment-large size-large wp-image-219\" alt=\"\" \/>\t\t\t\t\t\t\t\t\t\t\t\t\t\t\t<\/div>\n\t\t\t\t<\/div>\n\t\t\t\t<\/div>\n\t\t\t\t<div class=\"elementor-element elementor-element-0d70c30 elementor-widget__width-initial elementor-widget-divider--view-line elementor-widget elementor-widget-divider\" data-id=\"0d70c30\" data-element_type=\"widget\" data-e-type=\"widget\" data-widget_type=\"divider.default\">\n\t\t\t\t<div class=\"elementor-widget-container\">\n\t\t\t\t\t\t\t<div class=\"elementor-divider\">\n\t\t\t<span class=\"elementor-divider-separator\">\n\t\t\t\t\t\t<\/span>\n\t\t<\/div>\n\t\t\t\t\t\t<\/div>\n\t\t\t\t<\/div>\n\t\t<div class=\"elementor-element elementor-element-0ec7648 e-con-full e-flex wpr-particle-no wpr-jarallax-no wpr-parallax-no wpr-sticky-section-no e-con e-child\" data-id=\"0ec7648\" data-element_type=\"container\" data-e-type=\"container\">\n\t\t<div class=\"elementor-element elementor-element-abec819 e-flex e-con-boxed wpr-particle-no wpr-jarallax-no wpr-parallax-no wpr-sticky-section-no e-con e-child\" data-id=\"abec819\" data-element_type=\"container\" data-e-type=\"container\">\n\t\t\t\t\t<div class=\"e-con-inner\">\n\t\t\t\t<div class=\"elementor-element elementor-element-fe3ce49 elementor-widget elementor-widget-heading\" data-id=\"fe3ce49\" data-element_type=\"widget\" data-e-type=\"widget\" data-widget_type=\"heading.default\">\n\t\t\t\t<div class=\"elementor-widget-container\">\n\t\t\t\t\t<h2 class=\"elementor-heading-title elementor-size-default\">O que \u00e9 o Observat\u00f3rio de Feminic\u00eddio em Rond\u00f4nia?<\/h2>\t\t\t\t<\/div>\n\t\t\t\t<\/div>\n\t\t\t\t\t<\/div>\n\t\t\t\t<\/div>\n\t\t<div class=\"elementor-element elementor-element-d8d22af e-con-full e-flex wpr-particle-no wpr-jarallax-no wpr-parallax-no wpr-sticky-section-no e-con e-child\" data-id=\"d8d22af\" data-element_type=\"container\" data-e-type=\"container\">\n\t\t\t\t<div class=\"elementor-element elementor-element-cecad06 elementor-drop-cap-yes elementor-drop-cap-view-default elementor-widget elementor-widget-text-editor\" data-id=\"cecad06\" data-element_type=\"widget\" data-e-type=\"widget\" data-settings=\"{&quot;drop_cap&quot;:&quot;yes&quot;}\" data-widget_type=\"text-editor.default\">\n\t\t\t\t<div class=\"elementor-widget-container\">\n\t\t\t\t\t\t\t\t\t<p><span class=\"ui-provider a b c d e f g h i j k l m n o p q r s t u v w x y z ab ac ae af ag ah ai aj ak\" dir=\"ltr\">Decorre do <\/span><span dir=\"ltr\">PACTO INTERINSTITUCIONAL PARA O FORTALECIMENTO DE ESTRAT\u00c9GIAS DE MONITORAMENTO E ENFRENTAMENTO AO FEMINIC\u00cdDIO EM ROND\u00d4NIA<\/span><span class=\"ui-provider a b c d e f g h i j k l m n o p q r s t u v w x y z ab ac ae af ag ah ai aj ak\" dir=\"ltr\"> e se constitui como <strong>espa\u00e7o p\u00fablico de monitoramento e di\u00e1logo<\/strong>, propositivo na constru\u00e7\u00e3o e aprimoramento de estrat\u00e9gias e metodologias que permitam o <strong>enfrentamento \u00e0 viol\u00eancia baseada em g\u00eanero e ao Feminic\u00eddio<\/strong>, bem como \u00e0 <strong>indu\u00e7\u00e3o de pol\u00edticas p\u00fablicas junto aos \u00f3rg\u00e3os p\u00fablicos vinculados \u00e0 rede de servi\u00e7os de seguran\u00e7a e prote\u00e7\u00e3o \u00e0 mulher.\u00a0<\/strong><\/span><\/p><p><span class=\"ui-provider a b c d e f g h i j k l m n o p q r s t u v w x y z ab ac ae af ag ah ai aj ak\" dir=\"ltr\">Foi criado por meio da coopera\u00e7\u00e3o de institui\u00e7\u00f5es, \u00f3rg\u00e3os, agentes e pessoas que trabalham de forma integrada para o objetivo comum de enfrentamento \u00e0 viol\u00eancia contra a mulher, sua prote\u00e7\u00e3o e atendimento, e t\u00eam assumido a miss\u00e3o de envidar esfor\u00e7os para a estrutura\u00e7\u00e3o e fortalecimento das a\u00e7\u00f5es da Rede, que conta com a participa\u00e7\u00e3o das principais institui\u00e7\u00f5es envolvidas no \u00e1rduo processo de promover a paz nos lares e os direitos das mulheres.<\/span><\/p>\t\t\t\t\t\t\t\t<\/div>\n\t\t\t\t<\/div>\n\t\t\t\t<\/div>\n\t\t\t\t<\/div>\n\t\t\t\t<\/div>\n\t\t\t\t<\/div>\n\t\t","protected":false},"excerpt":{"rendered":"<p>O que \u00e9 o Observat\u00f3rio de Feminic\u00eddio em Rond\u00f4nia? Decorre do PACTO INTERINSTITUCIONAL PARA O FORTALECIMENTO DE ESTRAT\u00c9GIAS DE MONITORAMENTO E ENFRENTAMENTO AO FEMINIC\u00cdDIO EM ROND\u00d4NIA e se constitui como espa\u00e7o p\u00fablico de monitoramento e di\u00e1logo, propositivo na constru\u00e7\u00e3o e aprimoramento de estrat\u00e9gias e metodologias que permitam o enfrentamento \u00e0 viol\u00eancia baseada em g\u00eanero e ao Feminic\u00eddio, bem como \u00e0 indu\u00e7\u00e3o de pol\u00edticas p\u00fablicas junto aos \u00f3rg\u00e3os p\u00fablicos vinculados \u00e0 rede de servi\u00e7os de seguran\u00e7a e prote\u00e7\u00e3o \u00e0 mulher.\u00a0 Foi criado por meio da coopera\u00e7\u00e3o de institui\u00e7\u00f5es, \u00f3rg\u00e3os, agentes e pessoas que trabalham de forma integrada para o objetivo comum de enfrentamento \u00e0 viol\u00eancia contra a mulher, sua prote\u00e7\u00e3o e atendimento, e t\u00eam assumido a miss\u00e3o de envidar esfor\u00e7os para a estrutura\u00e7\u00e3o e fortalecimento das a\u00e7\u00f5es da Rede, que conta com a participa\u00e7\u00e3o das principais institui\u00e7\u00f5es envolvidas no \u00e1rduo processo de promover a paz nos lares e os direitos das mulheres.<\/p>\n","protected":false},"author":1,"featured_media":0,"parent":0,"menu_order":0,"comment_status":"closed","ping_status":"closed","template":"elementor_header_footer","meta":{"footnotes":""},"class_list":["post-24","page","type-page","status-publish","hentry"],"_links":{"self":[{"href":"https:\/\/observatoriodofeminicidio.org\/index.php?rest_route=\/wp\/v2\/pages\/24","targetHints":{"allow":["GET"]}}],"collection":[{"href":"https:\/\/observatoriodofeminicidio.org\/index.php?rest_route=\/wp\/v2\/pages"}],"about":[{"href":"https:\/\/observatoriodofeminicidio.org\/index.php?rest_route=\/wp\/v2\/types\/page"}],"author":[{"embeddable":true,"href":"https:\/\/observatoriodofeminicidio.org\/index.php?rest_route=\/wp\/v2\/users\/1"}],"replies":[{"embeddable":true,"href":"https:\/\/observatoriodofeminicidio.org\/index.php?rest_route=%2Fwp%2Fv2%2Fcomments&post=24"}],"version-history":[{"count":44,"href":"https:\/\/observatoriodofeminicidio.org\/index.php?rest_route=\/wp\/v2\/pages\/24\/revisions"}],"predecessor-version":[{"id":654,"href":"https:\/\/observatoriodofeminicidio.org\/index.php?rest_route=\/wp\/v2\/pages\/24\/revisions\/654"}],"wp:attachment":[{"href":"https:\/\/observatoriodofeminicidio.org\/index.php?rest_route=%2Fwp%2Fv2%2Fmedia&parent=24"}],"curies":[{"name":"wp","href":"https:\/\/api.w.org\/{rel}","templated":true}]}}